{"id":2,"date":"2023-04-13T09:03:09","date_gmt":"2023-04-13T07:03:09","guid":{"rendered":"https:\/\/physio-wandsbek.de\/?page_id=2"},"modified":"2026-02-08T19:39:09","modified_gmt":"2026-02-08T18:39:09","slug":"home","status":"publish","type":"page","link":"https:\/\/physio-wandsbek.de\/","title":{"rendered":"home"},"content":{"rendered":"\t\t<div data-elementor-type=\"wp-page\" data-elementor-id=\"2\" class=\"elementor elementor-2\">\n\t\t\t\t\t\t<section class=\"elementor-section elementor-top-section elementor-element elementor-element-1f9253d elementor-section-boxed elementor-section-height-default elementor-section-height-default\" data-id=\"1f9253d\" data-element_type=\"section\" data-e-type=\"section\">\n\t\t\t\t\t\t<div class=\"elementor-container elementor-column-gap-default\">\n\t\t\t\t\t<div class=\"elementor-column elementor-col-100 elementor-top-column elementor-element elementor-element-0bcddc1\" data-id=\"0bcddc1\" data-element_type=\"column\" data-e-type=\"column\">\n\t\t\t<div class=\"elementor-widget-wrap elementor-element-populated\">\n\t\t\t\t\t\t<div class=\"elementor-element elementor-element-392d815 elementor-widget elementor-widget-text-editor\" data-id=\"392d815\" data-element_type=\"widget\" data-e-type=\"widget\" data-widget_type=\"text-editor.default\">\n\t\t\t\t<div class=\"elementor-widget-container\">\n\t\t\t\t\t\t\t\t\t<p style=\"text-align: center;\"><span style=\"font-size: 36px;\"><strong><span style=\"color: #3366ff;\">Physio- und Osteopathie Katrin Pr\u00f6mel<\/span><\/strong><\/span><\/p>\t\t\t\t\t\t\t\t<\/div>\n\t\t\t\t<\/div>\n\t\t\t\t\t<\/div>\n\t\t<\/div>\n\t\t\t\t\t<\/div>\n\t\t<\/section>\n\t\t\t\t<section class=\"elementor-section elementor-top-section elementor-element elementor-element-c015edf elementor-section-boxed elementor-section-height-default elementor-section-height-default\" data-id=\"c015edf\" data-element_type=\"section\" data-e-type=\"section\">\n\t\t\t\t\t\t<div class=\"elementor-container elementor-column-gap-default\">\n\t\t\t\t\t<div class=\"elementor-column elementor-col-100 elementor-top-column elementor-element elementor-element-6a1dcf6\" data-id=\"6a1dcf6\" data-element_type=\"column\" data-e-type=\"column\">\n\t\t\t<div class=\"elementor-widget-wrap elementor-element-populated\">\n\t\t\t\t\t\t<div class=\"elementor-element elementor-element-eb90551 elementor-widget elementor-widget-text-editor\" data-id=\"eb90551\" data-element_type=\"widget\" data-e-type=\"widget\" data-widget_type=\"text-editor.default\">\n\t\t\t\t<div class=\"elementor-widget-container\">\n\t\t\t\t\t\t\t\t\t<p style=\"text-align: center;\"><span style=\"font-size: 24px; color: #ff0000;\"><strong>Mitarbeiter oder Mitarbeiterin gesucht!<\/strong><\/span><\/p><p style=\"text-align: center;\"><span style=\"font-size: 24px; color: #ff0000;\"><strong>\u00a0<\/strong><\/span><\/p>\t\t\t\t\t\t\t\t<\/div>\n\t\t\t\t<\/div>\n\t\t\t\t\t<\/div>\n\t\t<\/div>\n\t\t\t\t\t<\/div>\n\t\t<\/section>\n\t\t\t\t<section class=\"elementor-section elementor-top-section elementor-element elementor-element-06f5a9d elementor-section-boxed elementor-section-height-default elementor-section-height-default\" data-id=\"06f5a9d\" data-element_type=\"section\" data-e-type=\"section\">\n\t\t\t\t\t\t<div class=\"elementor-container elementor-column-gap-default\">\n\t\t\t\t\t<div class=\"elementor-column elementor-col-33 elementor-top-column elementor-element elementor-element-175128e\" data-id=\"175128e\" data-element_type=\"column\" data-e-type=\"column\">\n\t\t\t<div class=\"elementor-widget-wrap elementor-element-populated\">\n\t\t\t\t\t\t<div class=\"elementor-element elementor-element-6617fdf elementor-widget elementor-widget-image\" data-id=\"6617fdf\" data-element_type=\"widget\" data-e-type=\"widget\" data-widget_type=\"image.default\">\n\t\t\t\t<div class=\"elementor-widget-container\">\n\t\t\t\t\t\t\t\t\t\t\t\t\t\t\t<img fetchpriority=\"high\" decoding=\"async\" width=\"1024\" height=\"768\" src=\"https:\/\/physio-wandsbek.de\/wp-content\/uploads\/2026\/02\/20260203_130520-1024x768.jpg\" class=\"attachment-large size-large wp-image-195\" alt=\"\" srcset=\"https:\/\/physio-wandsbek.de\/wp-content\/uploads\/2026\/02\/20260203_130520-1024x768.jpg 1024w, https:\/\/physio-wandsbek.de\/wp-content\/uploads\/2026\/02\/20260203_130520-300x225.jpg 300w, https:\/\/physio-wandsbek.de\/wp-content\/uploads\/2026\/02\/20260203_130520-768x576.jpg 768w, https:\/\/physio-wandsbek.de\/wp-content\/uploads\/2026\/02\/20260203_130520-1536x1152.jpg 1536w, https:\/\/physio-wandsbek.de\/wp-content\/uploads\/2026\/02\/20260203_130520-2048x1536.jpg 2048w\" sizes=\"(max-width: 1024px) 100vw, 1024px\" \/>\t\t\t\t\t\t\t\t\t\t\t\t\t\t\t<\/div>\n\t\t\t\t<\/div>\n\t\t\t\t\t<\/div>\n\t\t<\/div>\n\t\t\t\t<div class=\"elementor-column elementor-col-33 elementor-top-column elementor-element elementor-element-905373f\" data-id=\"905373f\" data-element_type=\"column\" data-e-type=\"column\">\n\t\t\t<div class=\"elementor-widget-wrap elementor-element-populated\">\n\t\t\t\t\t\t<div class=\"elementor-element elementor-element-845c8b8 elementor-widget elementor-widget-image\" data-id=\"845c8b8\" data-element_type=\"widget\" data-e-type=\"widget\" data-widget_type=\"image.default\">\n\t\t\t\t<div class=\"elementor-widget-container\">\n\t\t\t\t\t\t\t\t\t\t\t\t\t\t\t<img decoding=\"async\" width=\"1024\" height=\"768\" src=\"https:\/\/physio-wandsbek.de\/wp-content\/uploads\/2026\/02\/20260203_130545-1024x768.jpg\" class=\"attachment-large size-large wp-image-194\" alt=\"\" srcset=\"https:\/\/physio-wandsbek.de\/wp-content\/uploads\/2026\/02\/20260203_130545-1024x768.jpg 1024w, https:\/\/physio-wandsbek.de\/wp-content\/uploads\/2026\/02\/20260203_130545-300x225.jpg 300w, https:\/\/physio-wandsbek.de\/wp-content\/uploads\/2026\/02\/20260203_130545-768x576.jpg 768w, https:\/\/physio-wandsbek.de\/wp-content\/uploads\/2026\/02\/20260203_130545-1536x1152.jpg 1536w, https:\/\/physio-wandsbek.de\/wp-content\/uploads\/2026\/02\/20260203_130545-2048x1536.jpg 2048w\" sizes=\"(max-width: 1024px) 100vw, 1024px\" \/>\t\t\t\t\t\t\t\t\t\t\t\t\t\t\t<\/div>\n\t\t\t\t<\/div>\n\t\t\t\t\t<\/div>\n\t\t<\/div>\n\t\t\t\t<div class=\"elementor-column elementor-col-33 elementor-top-column elementor-element elementor-element-6fcbf9b\" data-id=\"6fcbf9b\" data-element_type=\"column\" data-e-type=\"column\">\n\t\t\t<div class=\"elementor-widget-wrap elementor-element-populated\">\n\t\t\t\t\t\t<div class=\"elementor-element elementor-element-816a3d4 elementor-widget elementor-widget-image\" data-id=\"816a3d4\" data-element_type=\"widget\" data-e-type=\"widget\" data-widget_type=\"image.default\">\n\t\t\t\t<div class=\"elementor-widget-container\">\n\t\t\t\t\t\t\t\t\t\t\t\t\t\t\t<img decoding=\"async\" width=\"1024\" height=\"768\" src=\"https:\/\/physio-wandsbek.de\/wp-content\/uploads\/2026\/02\/20260203_130624-1024x768.jpg\" class=\"attachment-large size-large wp-image-193\" alt=\"\" srcset=\"https:\/\/physio-wandsbek.de\/wp-content\/uploads\/2026\/02\/20260203_130624-1024x768.jpg 1024w, https:\/\/physio-wandsbek.de\/wp-content\/uploads\/2026\/02\/20260203_130624-300x225.jpg 300w, https:\/\/physio-wandsbek.de\/wp-content\/uploads\/2026\/02\/20260203_130624-768x576.jpg 768w, https:\/\/physio-wandsbek.de\/wp-content\/uploads\/2026\/02\/20260203_130624-1536x1152.jpg 1536w, https:\/\/physio-wandsbek.de\/wp-content\/uploads\/2026\/02\/20260203_130624-2048x1536.jpg 2048w\" sizes=\"(max-width: 1024px) 100vw, 1024px\" \/>\t\t\t\t\t\t\t\t\t\t\t\t\t\t\t<\/div>\n\t\t\t\t<\/div>\n\t\t\t\t\t<\/div>\n\t\t<\/div>\n\t\t\t\t\t<\/div>\n\t\t<\/section>\n\t\t\t\t<section class=\"elementor-section elementor-top-section elementor-element elementor-element-88df4df elementor-section-boxed elementor-section-height-default elementor-section-height-default\" data-id=\"88df4df\" data-element_type=\"section\" data-e-type=\"section\">\n\t\t\t\t\t\t<div class=\"elementor-container elementor-column-gap-default\">\n\t\t\t\t\t<div class=\"elementor-column elementor-col-100 elementor-top-column elementor-element elementor-element-3594f38\" data-id=\"3594f38\" data-element_type=\"column\" data-e-type=\"column\">\n\t\t\t<div class=\"elementor-widget-wrap elementor-element-populated\">\n\t\t\t\t\t\t<div class=\"elementor-element elementor-element-08f5ac5 elementor-widget elementor-widget-text-editor\" data-id=\"08f5ac5\" data-element_type=\"widget\" data-e-type=\"widget\" data-widget_type=\"text-editor.default\">\n\t\t\t\t<div class=\"elementor-widget-container\">\n\t\t\t\t\t\t\t\t\t<h2>\u00a0<\/h2><h2 class=\"MsoNormal\"><span style=\"color: #3366ff; font-size: 24px;\">Herzlich willkommen in meiner Physiotherapie- und Osteopathie-Praxis!<\/span><\/h2><p class=\"MsoNormal\"><span style=\"color: #3366ff; font-size: 21px;\">Ich freue mich, dass Sie sich f\u00fcr meine Praxis interessieren und w\u00fcnsche Ihnen viel Spa\u00df beim Erkunden meiner Homepage.<\/span><\/p><p class=\"MsoNormal\"><span style=\"color: #3366ff; font-size: 21px;\">Seit \u00fcber 30 Jahren betreuen wir Sie in der Lotharstrasse mit qualitativ hochwertiger und individueller ganzheitlicher Physiotherapie. 2022 habe ich nach langj\u00e4hriger Mitarbeit die Praxis von Marlies Bagung \u00fcbernommen und f\u00fchre die Praxis nun mit neuem Namen und erweitertem Therapieangebot weiter.<\/span><\/p><p>\u00a0<\/p><p>\u00a0<\/p>\t\t\t\t\t\t\t\t<\/div>\n\t\t\t\t<\/div>\n\t\t\t\t\t<\/div>\n\t\t<\/div>\n\t\t\t\t\t<\/div>\n\t\t<\/section>\n\t\t\t\t<section class=\"elementor-section elementor-top-section elementor-element elementor-element-5b9ce2a elementor-section-boxed elementor-section-height-default elementor-section-height-default\" data-id=\"5b9ce2a\" data-element_type=\"section\" data-e-type=\"section\">\n\t\t\t\t\t\t<div class=\"elementor-container elementor-column-gap-default\">\n\t\t\t\t\t<div class=\"elementor-column elementor-col-33 elementor-top-column elementor-element elementor-element-ee17c41\" data-id=\"ee17c41\" data-element_type=\"column\" data-e-type=\"column\">\n\t\t\t<div class=\"elementor-widget-wrap elementor-element-populated\">\n\t\t\t\t\t\t<div class=\"elementor-element elementor-element-6103bf7 elementor-widget elementor-widget-text-editor\" data-id=\"6103bf7\" data-element_type=\"widget\" data-e-type=\"widget\" data-widget_type=\"text-editor.default\">\n\t\t\t\t<div class=\"elementor-widget-container\">\n\t\t\t\t\t\t\t\t\t<h2><span style=\"color: #3366ff; font-size: 24px;\">Katrin Pr\u00f6mel<\/span><\/h2><p><span style=\"color: #3366ff;\">Physiotherapeutin, BSc.<\/span><\/p><p><span style=\"color: #3366ff;\">Heilpraktikerin<\/span><\/p><p>\u00a0<\/p><p><span style=\"color: #3366ff;\">Ich bin Mitglied bei <a href=\"https:\/\/www.physio-deutschland.de\/verband.html\" target=\"_blank\" rel=\"noopener\">Physio Deutschland<\/a> und im <a href=\"https:\/\/bv-osteopathie.de\/\" target=\"_blank\" rel=\"noopener\">BVO<\/a><\/span><\/p>\t\t\t\t\t\t\t\t<\/div>\n\t\t\t\t<\/div>\n\t\t\t\t\t<\/div>\n\t\t<\/div>\n\t\t\t\t<div class=\"elementor-column elementor-col-33 elementor-top-column elementor-element elementor-element-9c87e1b\" data-id=\"9c87e1b\" data-element_type=\"column\" data-e-type=\"column\">\n\t\t\t<div class=\"elementor-widget-wrap elementor-element-populated\">\n\t\t\t\t\t\t<div class=\"elementor-element elementor-element-a5d8e15 elementor-widget__width-initial elementor-widget elementor-widget-text-editor\" data-id=\"a5d8e15\" data-element_type=\"widget\" data-e-type=\"widget\" data-widget_type=\"text-editor.default\">\n\t\t\t\t<div class=\"elementor-widget-container\">\n\t\t\t\t\t\t\t\t\t<h2><span style=\"color: #3366ff; font-size: 24px;\">Physiotherapie<\/span><\/h2><p><span style=\"color: #3366ff;\">Krankengymnastik<\/span><\/p><p><span style=\"color: #3366ff;\">Manuelle Therapie<\/span><\/p><p><span style=\"color: #3366ff;\">Manuelle Lymphdrainage<\/span><\/p><p><span style=\"color: #3366ff;\">KG-ZNS (PNF)<\/span><\/p><p><span style=\"color: #3366ff;\">Kiefergelenksbehandlung (CMD)<\/span><\/p><p><span style=\"color: #3366ff;\">Schwindelbehandlung<\/span><\/p><p><span style=\"color: #3366ff;\">Tinnitusbehandlung<\/span><\/p><p><span style=\"color: #3366ff;\">Kinesiotaping<\/span><\/p><p><span style=\"color: #3366ff;\">W\u00e4rme-\/K\u00e4ltetherapie<\/span><\/p><p><span style=\"color: #3366ff;\">und vieles mehr<\/span><\/p><p><span style=\"color: #3366ff;\">Alle Behandlungen k\u00f6nnen wir auch bei entsprechender Verordnung als Hausbesuch durchf\u00fchren.<\/span><\/p>\t\t\t\t\t\t\t\t<\/div>\n\t\t\t\t<\/div>\n\t\t\t\t\t<\/div>\n\t\t<\/div>\n\t\t\t\t<div class=\"elementor-column elementor-col-33 elementor-top-column elementor-element elementor-element-0b20fde\" data-id=\"0b20fde\" data-element_type=\"column\" data-e-type=\"column\">\n\t\t\t<div class=\"elementor-widget-wrap elementor-element-populated\">\n\t\t\t\t\t\t<div class=\"elementor-element elementor-element-9f9fe18 elementor-widget elementor-widget-text-editor\" data-id=\"9f9fe18\" data-element_type=\"widget\" data-e-type=\"widget\" data-widget_type=\"text-editor.default\">\n\t\t\t\t<div class=\"elementor-widget-container\">\n\t\t\t\t\t\t\t\t\t<h2><span style=\"color: #3366ff; font-size: 24px;\">Heilpraktik\/Osteopathie<\/span><\/h2><p><span style=\"color: #3366ff;\">Osteopathie<\/span><\/p><p><span style=\"color: #3366ff;\">CranioSacrale Therapie nach J. Upledger<\/span><\/p><p>\u00a0<\/p><p><span style=\"color: #3366ff;\">Da ich als Heilpraktikerin auch ohne vorherigen Arztkontakt behandeln darf, k\u00f6nnen sie auch ohne Verordnung eines Arztes zu mir kommen.<\/span><\/p><p><span style=\"color: #3366ff;\">Bitte beachten Sie, dass die gesetzlichen Krankenkassen in der Regel eine Empfehlung\/Verordnung f\u00fcr Osteopathie f\u00fcr eine freiwillige (teilweise) Erstattung der Kosten fordert. Ob und in welcher H\u00f6he eine Kostenerstattung m\u00f6glich ist, k\u00f6nnen Sie auf der Homepage ihrer Krankenkasse oder bei<\/span> <a href=\"http:\/\/www.osteokompass.de\/\">www.osteokompass.de<\/a> <span style=\"color: #3366ff;\">erfahren.<\/span><\/p><p><span style=\"color: #3366ff;\">Die Erstattung in der privaten Versicherung h\u00e4ngt von Ihrem Vertrag mit dem Versicherer ab.<\/span><\/p>\t\t\t\t\t\t\t\t<\/div>\n\t\t\t\t<\/div>\n\t\t\t\t\t<\/div>\n\t\t<\/div>\n\t\t\t\t\t<\/div>\n\t\t<\/section>\n\t\t\t\t<section class=\"elementor-section elementor-top-section elementor-element elementor-element-de20387 elementor-section-boxed elementor-section-height-default elementor-section-height-default\" data-id=\"de20387\" data-element_type=\"section\" data-e-type=\"section\">\n\t\t\t\t\t\t<div class=\"elementor-container elementor-column-gap-default\">\n\t\t\t\t\t<div class=\"elementor-column elementor-col-100 elementor-top-column elementor-element elementor-element-947e061\" data-id=\"947e061\" data-element_type=\"column\" data-e-type=\"column\">\n\t\t\t<div class=\"elementor-widget-wrap elementor-element-populated\">\n\t\t\t\t\t\t<div class=\"elementor-element elementor-element-186ae4e elementor-widget-divider--view-line elementor-widget elementor-widget-divider\" data-id=\"186ae4e\" data-element_type=\"widget\" data-e-type=\"widget\" data-widget_type=\"divider.default\">\n\t\t\t\t<div class=\"elementor-widget-container\">\n\t\t\t\t\t\t\t<div class=\"elementor-divider\">\n\t\t\t<span class=\"elementor-divider-separator\">\n\t\t\t\t\t\t<\/span>\n\t\t<\/div>\n\t\t\t\t\t\t<\/div>\n\t\t\t\t<\/div>\n\t\t\t\t\t<\/div>\n\t\t<\/div>\n\t\t\t\t\t<\/div>\n\t\t<\/section>\n\t\t\t\t<section class=\"elementor-section elementor-top-section elementor-element elementor-element-f3290a1 elementor-section-boxed elementor-section-height-default elementor-section-height-default\" data-id=\"f3290a1\" data-element_type=\"section\" data-e-type=\"section\">\n\t\t\t\t\t\t<div class=\"elementor-container elementor-column-gap-default\">\n\t\t\t\t\t<div class=\"elementor-column elementor-col-50 elementor-top-column elementor-element elementor-element-cfcb6ce\" data-id=\"cfcb6ce\" data-element_type=\"column\" data-e-type=\"column\">\n\t\t\t<div class=\"elementor-widget-wrap elementor-element-populated\">\n\t\t\t\t\t\t<div class=\"elementor-element elementor-element-148db8c elementor-widget elementor-widget-text-editor\" data-id=\"148db8c\" data-element_type=\"widget\" data-e-type=\"widget\" data-widget_type=\"text-editor.default\">\n\t\t\t\t<div class=\"elementor-widget-container\">\n\t\t\t\t\t\t\t\t\t<h2 class=\"elementor-heading-title elementor-size-default elementor-inline-editing pen\" style=\"font-family: var( --e-global-typography-primary-font-family ), Sans-serif; font-weight: var( --e-global-typography-primary-font-weight ); color: var( --e-global-color-primary );\" data-elementor-setting-key=\"title\" data-pen-placeholder=\"Type Here...\"><strong><span style=\"color: #3366ff;\">Kontakt<\/span><\/strong><\/h2>\t\t\t\t\t\t\t\t<\/div>\n\t\t\t\t<\/div>\n\t\t\t\t<div class=\"elementor-element elementor-element-bb86163 elementor-widget elementor-widget-text-editor\" data-id=\"bb86163\" data-element_type=\"widget\" data-e-type=\"widget\" data-widget_type=\"text-editor.default\">\n\t\t\t\t<div class=\"elementor-widget-container\">\n\t\t\t\t\t\t\t\t\t<p><span style=\"color: #3366ff;\"><b>Lotharstra\u00dfe 2B<\/b><\/span><\/p><p><span style=\"color: #3366ff;\"><b>22041 Hamburg<\/b><\/span><\/p><p><b><span style=\"color: #3366ff;\">TEL<\/span> \u00a0<span style=\"color: #3366ff;\"><a style=\"color: #3366ff;\" href=\"tel:+49406520277\">040.652 02 77<\/a><\/span><\/b><\/p><p><b><span style=\"color: #3366ff;\">MAIL<\/span> \u00a0<a href=\"mailto: mail@physio-wandsbek.de\">mail(at)physio-wandsbek.de<\/a><\/b><\/p><p><b>\u00a0<\/b><\/p><p><span style=\"color: #3366ff;\"><b>TERMINE NACH VEREINBARUNG<\/b><\/span><\/p>\t\t\t\t\t\t\t\t<\/div>\n\t\t\t\t<\/div>\n\t\t\t\t\t<\/div>\n\t\t<\/div>\n\t\t\t\t<div class=\"elementor-column elementor-col-50 elementor-top-column elementor-element elementor-element-ca55812\" data-id=\"ca55812\" data-element_type=\"column\" data-e-type=\"column\">\n\t\t\t<div class=\"elementor-widget-wrap elementor-element-populated\">\n\t\t\t\t\t\t<div class=\"elementor-element elementor-element-3b69af7 elementor-widget elementor-widget-image\" data-id=\"3b69af7\" data-element_type=\"widget\" data-e-type=\"widget\" data-widget_type=\"image.default\">\n\t\t\t\t<div class=\"elementor-widget-container\">\n\t\t\t\t\t\t\t\t\t\t\t\t\t\t\t<img loading=\"lazy\" decoding=\"async\" width=\"300\" height=\"263\" src=\"https:\/\/physio-wandsbek.de\/wp-content\/uploads\/2024\/09\/Aussenansicht-verkleinert-2-300x263.jpg\" class=\"attachment-medium size-medium wp-image-137\" alt=\"\" srcset=\"https:\/\/physio-wandsbek.de\/wp-content\/uploads\/2024\/09\/Aussenansicht-verkleinert-2-300x263.jpg 300w, https:\/\/physio-wandsbek.de\/wp-content\/uploads\/2024\/09\/Aussenansicht-verkleinert-2-1024x896.jpg 1024w, https:\/\/physio-wandsbek.de\/wp-content\/uploads\/2024\/09\/Aussenansicht-verkleinert-2-768x672.jpg 768w, https:\/\/physio-wandsbek.de\/wp-content\/uploads\/2024\/09\/Aussenansicht-verkleinert-2-1536x1344.jpg 1536w, https:\/\/physio-wandsbek.de\/wp-content\/uploads\/2024\/09\/Aussenansicht-verkleinert-2.jpg 1600w\" sizes=\"(max-width: 300px) 100vw, 300px\" \/>\t\t\t\t\t\t\t\t\t\t\t\t\t\t\t<\/div>\n\t\t\t\t<\/div>\n\t\t\t\t\t<\/div>\n\t\t<\/div>\n\t\t\t\t\t<\/div>\n\t\t<\/section>\n\t\t\t\t<section class=\"elementor-section elementor-top-section elementor-element elementor-element-88afcd1 elementor-section-boxed elementor-section-height-default elementor-section-height-default\" data-id=\"88afcd1\" data-element_type=\"section\" data-e-type=\"section\">\n\t\t\t\t\t\t<div class=\"elementor-container elementor-column-gap-default\">\n\t\t\t\t\t<div class=\"elementor-column elementor-col-100 elementor-top-column elementor-element elementor-element-76eb290\" data-id=\"76eb290\" data-element_type=\"column\" data-e-type=\"column\">\n\t\t\t<div class=\"elementor-widget-wrap\">\n\t\t\t\t\t\t\t<\/div>\n\t\t<\/div>\n\t\t\t\t\t<\/div>\n\t\t<\/section>\n\t\t\t\t<section class=\"elementor-section elementor-top-section elementor-element elementor-element-15f7aec elementor-section-boxed elementor-section-height-default elementor-section-height-default\" data-id=\"15f7aec\" data-element_type=\"section\" data-e-type=\"section\">\n\t\t\t\t\t\t<div class=\"elementor-container elementor-column-gap-default\">\n\t\t\t\t\t<div class=\"elementor-column elementor-col-100 elementor-top-column elementor-element elementor-element-8badccd\" data-id=\"8badccd\" data-element_type=\"column\" data-e-type=\"column\">\n\t\t\t<div class=\"elementor-widget-wrap elementor-element-populated\">\n\t\t\t\t\t\t<div class=\"elementor-element elementor-element-a1a34cc elementor-widget elementor-widget-heading\" data-id=\"a1a34cc\" data-element_type=\"widget\" data-e-type=\"widget\" data-widget_type=\"heading.default\">\n\t\t\t\t<div class=\"elementor-widget-container\">\n\t\t\t\t\t<h2 class=\"elementor-heading-title elementor-size-default\">\u00d6ffnungszeiten<\/h2>\t\t\t\t<\/div>\n\t\t\t\t<\/div>\n\t\t\t\t<div class=\"elementor-element elementor-element-f9e46d9 elementor-icon-list--layout-traditional elementor-list-item-link-full_width elementor-widget elementor-widget-icon-list\" data-id=\"f9e46d9\" data-element_type=\"widget\" data-e-type=\"widget\" data-widget_type=\"icon-list.default\">\n\t\t\t\t<div class=\"elementor-widget-container\">\n\t\t\t\t\t\t\t<ul class=\"elementor-icon-list-items\">\n\t\t\t\t\t\t\t<li class=\"elementor-icon-list-item\">\n\t\t\t\t\t\t\t\t\t\t<span class=\"elementor-icon-list-text\">Montag:&nbsp;&nbsp;&nbsp;&nbsp;&nbsp;&nbsp;&nbsp;&nbsp;&nbsp;&nbsp;09:00 - 18:00 Uhr<\/span>\n\t\t\t\t\t\t\t\t\t<\/li>\n\t\t\t\t\t\t\t\t<li class=\"elementor-icon-list-item\">\n\t\t\t\t\t\t\t\t\t\t<span class=\"elementor-icon-list-text\">Dienstag:&nbsp;&nbsp;&nbsp;&nbsp;&nbsp;&nbsp;&nbsp;&nbsp;08:00 - 11:30 Uhr und 14:00&nbsp;-&nbsp;18:30&nbsp;Uhr<\/span>\n\t\t\t\t\t\t\t\t\t<\/li>\n\t\t\t\t\t\t\t\t<li class=\"elementor-icon-list-item\">\n\t\t\t\t\t\t\t\t\t\t<span class=\"elementor-icon-list-text\">Mittwoch:&nbsp;&nbsp;&nbsp;&nbsp;&nbsp;&nbsp;&nbsp;09:00 - 14:00 Uhr<\/span>\n\t\t\t\t\t\t\t\t\t<\/li>\n\t\t\t\t\t\t\t\t<li class=\"elementor-icon-list-item\">\n\t\t\t\t\t\t\t\t\t\t<span class=\"elementor-icon-list-text\">Donnerstag:&nbsp;&nbsp;&nbsp;08:00 - 11:30 Uhr und 14:00&nbsp;-&nbsp;18:30&nbsp;Uhr<\/span>\n\t\t\t\t\t\t\t\t\t<\/li>\n\t\t\t\t\t\t\t\t<li class=\"elementor-icon-list-item\">\n\t\t\t\t\t\t\t\t\t\t<span class=\"elementor-icon-list-text\">Freitag:&nbsp;&nbsp;&nbsp;&nbsp;&nbsp;&nbsp;&nbsp;&nbsp;&nbsp;&nbsp;&nbsp;09:00 - 18:00 Uhr<\/span>\n\t\t\t\t\t\t\t\t\t<\/li>\n\t\t\t\t\t\t<\/ul>\n\t\t\t\t\t\t<\/div>\n\t\t\t\t<\/div>\n\t\t\t\t\t<\/div>\n\t\t<\/div>\n\t\t\t\t\t<\/div>\n\t\t<\/section>\n\t\t\t\t<section class=\"elementor-section elementor-top-section elementor-element elementor-element-4f905c7 elementor-section-boxed elementor-section-height-default elementor-section-height-default\" data-id=\"4f905c7\" data-element_type=\"section\" data-e-type=\"section\">\n\t\t\t\t\t\t<div class=\"elementor-container elementor-column-gap-default\">\n\t\t\t\t\t<div class=\"elementor-column elementor-col-100 elementor-top-column elementor-element elementor-element-aff25de\" data-id=\"aff25de\" data-element_type=\"column\" data-e-type=\"column\">\n\t\t\t<div class=\"elementor-widget-wrap elementor-element-populated\">\n\t\t\t\t\t\t<div class=\"elementor-element elementor-element-79c2e19 elementor-widget-divider--view-line elementor-widget elementor-widget-divider\" data-id=\"79c2e19\" data-element_type=\"widget\" data-e-type=\"widget\" data-widget_type=\"divider.default\">\n\t\t\t\t<div class=\"elementor-widget-container\">\n\t\t\t\t\t\t\t<div class=\"elementor-divider\">\n\t\t\t<span class=\"elementor-divider-separator\">\n\t\t\t\t\t\t<\/span>\n\t\t<\/div>\n\t\t\t\t\t\t<\/div>\n\t\t\t\t<\/div>\n\t\t\t\t\t<\/div>\n\t\t<\/div>\n\t\t\t\t\t<\/div>\n\t\t<\/section>\n\t\t\t\t<section class=\"elementor-section elementor-top-section elementor-element elementor-element-1647bf3 elementor-section-boxed elementor-section-height-default elementor-section-height-default\" data-id=\"1647bf3\" data-element_type=\"section\" data-e-type=\"section\">\n\t\t\t\t\t\t<div class=\"elementor-container elementor-column-gap-default\">\n\t\t\t\t\t<div class=\"elementor-column elementor-col-100 elementor-top-column elementor-element elementor-element-d8c36dd\" data-id=\"d8c36dd\" data-element_type=\"column\" data-e-type=\"column\">\n\t\t\t<div class=\"elementor-widget-wrap elementor-element-populated\">\n\t\t\t\t\t\t<div class=\"elementor-element elementor-element-b815e6c elementor-widget elementor-widget-google_maps\" data-id=\"b815e6c\" data-element_type=\"widget\" data-e-type=\"widget\" data-widget_type=\"google_maps.default\">\n\t\t\t\t<div class=\"elementor-widget-container\">\n\t\t\t\t\t\t\t<div class=\"elementor-custom-embed\">\n\t\t\t<iframe loading=\"lazy\"\n\t\t\t\t\tsrc=\"https:\/\/maps.google.com\/maps?q=Lotharstra%C3%9Fe%202b%2022041%20Hamburg&#038;t=m&#038;z=13&#038;output=embed&#038;iwloc=near\"\n\t\t\t\t\ttitle=\"Lotharstra\u00dfe 2b 22041 Hamburg\"\n\t\t\t\t\taria-label=\"Lotharstra\u00dfe 2b 22041 Hamburg\"\n\t\t\t><\/iframe>\n\t\t<\/div>\n\t\t\t\t\t\t<\/div>\n\t\t\t\t<\/div>\n\t\t\t\t\t<\/div>\n\t\t<\/div>\n\t\t\t\t\t<\/div>\n\t\t<\/section>\n\t\t\t\t<\/div>\n\t\t","protected":false},"excerpt":{"rendered":"<p>Physio- und Osteopathie Katrin Pr\u00f6mel Mitarbeiter oder Mitarbeiterin gesucht! \u00a0 \u00a0 Herzlich willkommen in meiner Physiotherapie- und Osteopathie-Praxis! Ich freue mich, dass Sie sich f\u00fcr meine Praxis interessieren und w\u00fcnsche Ihnen viel Spa\u00df beim Erkunden meiner Homepage. Seit \u00fcber 30 Jahren betreuen wir Sie in der Lotharstrasse mit qualitativ hochwertiger und individueller ganzheitlicher Physiotherapie. 2022 [&hellip;]<\/p>\n","protected":false},"author":1,"featured_media":0,"parent":0,"menu_order":0,"comment_status":"closed","ping_status":"closed","template":"","meta":{"footnotes":""},"class_list":["post-2","page","type-page","status-publish","hentry"],"acf":[],"_links":{"self":[{"href":"https:\/\/physio-wandsbek.de\/index.php?rest_route=\/wp\/v2\/pages\/2","targetHints":{"allow":["GET"]}}],"collection":[{"href":"https:\/\/physio-wandsbek.de\/index.php?rest_route=\/wp\/v2\/pages"}],"about":[{"href":"https:\/\/physio-wandsbek.de\/index.php?rest_route=\/wp\/v2\/types\/page"}],"author":[{"embeddable":true,"href":"https:\/\/physio-wandsbek.de\/index.php?rest_route=\/wp\/v2\/users\/1"}],"replies":[{"embeddable":true,"href":"https:\/\/physio-wandsbek.de\/index.php?rest_route=%2Fwp%2Fv2%2Fcomments&post=2"}],"version-history":[{"count":104,"href":"https:\/\/physio-wandsbek.de\/index.php?rest_route=\/wp\/v2\/pages\/2\/revisions"}],"predecessor-version":[{"id":198,"href":"https:\/\/physio-wandsbek.de\/index.php?rest_route=\/wp\/v2\/pages\/2\/revisions\/198"}],"wp:attachment":[{"href":"https:\/\/physio-wandsbek.de\/index.php?rest_route=%2Fwp%2Fv2%2Fmedia&parent=2"}],"curies":[{"name":"wp","href":"https:\/\/api.w.org\/{rel}","templated":true}]}}