{"id":107,"date":"2023-05-02T21:43:17","date_gmt":"2023-05-02T19:43:17","guid":{"rendered":"https:\/\/physio-wandsbek.de\/?page_id=107"},"modified":"2023-05-02T21:47:25","modified_gmt":"2023-05-02T19:47:25","slug":"impressum","status":"publish","type":"page","link":"https:\/\/physio-wandsbek.de\/?page_id=107","title":{"rendered":"Impressum"},"content":{"rendered":"<h2>Impressum<\/h2>\n<p><strong>&nbsp;<\/strong><\/p>\n<p><strong>Verantwortlich f\u00fcr den Inhalt<\/strong>:<\/p>\n<p>Katrin Pr\u00f6mel<br \/>\nLotharstra\u00dfe 2 b<br \/>\n22041 Hamburg Wandsbek<br \/>\nTelefon\/Telefax:&nbsp;<a>040 &#8211; 6520277<\/a><br \/>\nE-Mail:&nbsp;<a href=\"mailto: mail@physio-wandsbek.de\">mail(at)physio-wandsbek.de<\/a>&nbsp;<\/p>\n<p>Inhaltlich Verantwortlicher gem\u00e4\u00df \u00a7 55 Abs. 2 RStV: Katrin Pr\u00f6mel (Anschrift wie oben)<\/p>\n<p><strong>Berufsbezeichnung:<\/strong><br \/>\nPhysiotherapeutin&nbsp;\/ Heilpraktikerin<\/p>\n<p><strong>Aufsichtsbeh\u00f6rde:<\/strong><br \/>\nGesundheitsbeh\u00f6rde Hamburg<\/p>\n<p><strong>Schweigepflicht:<\/strong><br \/>\nAlle patienten-bezogenen Daten unterliegen der gesetzlichen Schweigepflicht.<\/p>\n<p><strong>Webseiten:<br \/>\n<\/strong>Die Seiten dieser Homepage sind unter Beachtung des Werbeverbotes nach \u00a712 Heilmittelwerbegesetz erstellt und dienen der allgemeinen Information.<\/p>\n<p><strong>Hinweis: Heilversprechen\/Heilmittelwerbegesetz<br \/>\n<\/strong>Mit den auf dieser Seite ver\u00f6ffentlichen Informationen verfolgt der Betreiber nicht die Absicht ein Heilversprechen abzugeben. Auch werden durch die Angaben auf diesen Seiten Linderung oder Verbesserung eines Krankheitszustandes nicht garantiert oder versprochen.<br \/>\nDie publizierten Informationen ersetzen nicht die Diagnosestellung und Behandlung eines Heilpraktikers oder Arztes. Auch sollen hier keine Therapievorschl\u00e4ge abgeleitet werden.<br \/>\nDer Betreiber distanziert sich mich ausdr\u00fccklich von jeglichen Anspr\u00fcchen die aus der Ver\u00f6ffentlichung dieser Seiten entstehen k\u00f6nnten.<\/p>\n<p><strong>Haftungshinweis:<\/strong><br \/>\nTrotz sorgf\u00e4ltiger inhaltlicher Kontrolle \u00fcbernehme ich keine Haftung f\u00fcr die Inhalte externer, von mir verlinkter, Seiten.<\/p>\n<p>F\u00fcr die Inhalte der verlinkten Seiten sind ausschlie\u00dflich deren Betreiber verantwortlich.<\/p>\n<p><strong>Hinweise zum Urheberrecht:<\/strong><br \/>\nF\u00fcr die Gestaltung, und den Inhalt der Seiten ist der Betreiber verantwortlich.<br \/>\nAlle nicht extra ausgewiesenen Textstellen, Bilder, Grafiken und deren Anordnung unterliegen meinem Urheberrecht. Vervielf\u00e4ltigung jeglicher Art ist untersagt!<\/p>\n<p><strong>Abmahnungen:<\/strong><br \/>\nWenn auf meinen Seiten Inhalte die Rechte Dritter verletzen oder gesetzlichen Bestimmungen nicht entsprechen, so bitte ich um eine Nachricht ohne Kostennote. Bei gerechtfertigten Hinweisen werde ich diesen Fehler sofort korrigieren ohne das ein Rechtsbeistand ihrerseits erforderlich ist. Bei einer Abmahnung ohne vorherigen Kontakt werde ich diesen und die entstehenden Kosten komplett zur\u00fcckweisen und eine Gegenklage einreichen.<br \/>\nEs besteht keinerlei Notwendigkeit ohne vorherigen Kontakt eine anwaltliche Abmahnung anzuweisen.<\/p>\n<p><em>Die Inhalte der Webseiten wurden mit gr\u00f6\u00dfter Sorgfalt erstellt. F\u00fcr die Richtigkeit, Vollst\u00e4ndigkeit und Aktualit\u00e4t der Inhalte kann der Betreiber jedoch keine Gew\u00e4hr \u00fcbernehmen.<\/em><\/p>\n<p><em><strong>Technische Umsetzung:<\/strong><br \/>\ndeltaplex UG<br \/>\n<a href=\"https:\/\/deltaplex.de\">www.deltaplex.de<\/a><\/em><\/p>\n","protected":false},"excerpt":{"rendered":"<p>Impressum &nbsp; Verantwortlich f\u00fcr den Inhalt: Katrin Pr\u00f6mel Lotharstra\u00dfe 2 b 22041 Hamburg Wandsbek Telefon\/Telefax:&nbsp;040 &#8211; 6520277 E-Mail:&nbsp;mail(at)physio-wandsbek.de&nbsp; Inhaltlich Verantwortlicher gem\u00e4\u00df \u00a7 55 Abs. 2 RStV: Katrin Pr\u00f6mel (Anschrift wie oben) Berufsbezeichnung: Physiotherapeutin&nbsp;\/ Heilpraktikerin Aufsichtsbeh\u00f6rde: Gesundheitsbeh\u00f6rde Hamburg Schweigepflicht: Alle patienten-bezogenen Daten unterliegen der gesetzlichen Schweigepflicht. Webseiten: Die Seiten dieser Homepage sind unter Beachtung des Werbeverbotes [&hellip;]<\/p>\n","protected":false},"author":1,"featured_media":0,"parent":0,"menu_order":0,"comment_status":"closed","ping_status":"closed","template":"","meta":{"footnotes":""},"class_list":["post-107","page","type-page","status-publish","hentry"],"acf":[],"_links":{"self":[{"href":"https:\/\/physio-wandsbek.de\/index.php?rest_route=\/wp\/v2\/pages\/107","targetHints":{"allow":["GET"]}}],"collection":[{"href":"https:\/\/physio-wandsbek.de\/index.php?rest_route=\/wp\/v2\/pages"}],"about":[{"href":"https:\/\/physio-wandsbek.de\/index.php?rest_route=\/wp\/v2\/types\/page"}],"author":[{"embeddable":true,"href":"https:\/\/physio-wandsbek.de\/index.php?rest_route=\/wp\/v2\/users\/1"}],"replies":[{"embeddable":true,"href":"https:\/\/physio-wandsbek.de\/index.php?rest_route=%2Fwp%2Fv2%2Fcomments&post=107"}],"version-history":[{"count":9,"href":"https:\/\/physio-wandsbek.de\/index.php?rest_route=\/wp\/v2\/pages\/107\/revisions"}],"predecessor-version":[{"id":117,"href":"https:\/\/physio-wandsbek.de\/index.php?rest_route=\/wp\/v2\/pages\/107\/revisions\/117"}],"wp:attachment":[{"href":"https:\/\/physio-wandsbek.de\/index.php?rest_route=%2Fwp%2Fv2%2Fmedia&parent=107"}],"curies":[{"name":"wp","href":"https:\/\/api.w.org\/{rel}","templated":true}]}}